{"id":188,"date":"2023-03-04T01:43:11","date_gmt":"2023-03-04T01:43:11","guid":{"rendered":"https:\/\/canichesgigantes.site\/?page_id=188"},"modified":"2023-06-12T14:17:40","modified_gmt":"2023-06-12T14:17:40","slug":"channel","status":"publish","type":"page","link":"https:\/\/canichesgigantes.site\/index.php\/channel\/","title":{"rendered":"CHANNEL"},"content":{"rendered":"\n<p class=\"has-luminous-vivid-orange-color has-text-color\"><strong>AKA CHANNEL<\/strong><\/p>\n\n\n\n<p>Hija de <a href=\"https:\/\/poodle.pedigreedatabaseonline.com\/de\/Huffish-Rocketman\/pedigree\/34619\/i\">Huffish Rocketman&nbsp;<\/a>&amp; &nbsp;<a href=\"https:\/\/poodle.pedigreedatabaseonline.com\/de\/Edivette-Believe-In-Angel\/pedigree\/30813\/i\">Edivette Believe In Angel&nbsp;<\/a><\/p>\n\n\n\n<div class=\"wp-block-columns is-layout-flex wp-container-core-columns-is-layout-28f84493 wp-block-columns-is-layout-flex\">\n<div class=\"wp-block-column is-layout-flow wp-block-column-is-layout-flow\"><\/div>\n\n\n\n<div class=\"wp-block-column is-layout-flow wp-block-column-is-layout-flow\"><\/div>\n\n\n\n<div class=\"wp-block-column is-layout-flow wp-block-column-is-layout-flow\"><\/div>\n<\/div>\n\n\n\n<div class=\"wp-block-columns is-layout-flex wp-container-core-columns-is-layout-28f84493 wp-block-columns-is-layout-flex\">\n<div class=\"wp-block-column is-layout-flow wp-block-column-is-layout-flow\">\n<figure class=\"wp-block-image size-large\"><img loading=\"lazy\" decoding=\"async\" width=\"1024\" height=\"997\" src=\"https:\/\/canichesgigantes.site\/wp-content\/uploads\/2023\/04\/257302924_10219176993687039_9172907784439302286_n-Recuperado-1024x997.jpg\" alt=\"\" class=\"wp-image-346\" srcset=\"https:\/\/canichesgigantes.site\/wp-content\/uploads\/2023\/04\/257302924_10219176993687039_9172907784439302286_n-Recuperado-1024x997.jpg 1024w, https:\/\/canichesgigantes.site\/wp-content\/uploads\/2023\/04\/257302924_10219176993687039_9172907784439302286_n-Recuperado-300x292.jpg 300w, https:\/\/canichesgigantes.site\/wp-content\/uploads\/2023\/04\/257302924_10219176993687039_9172907784439302286_n-Recuperado-768x748.jpg 768w, https:\/\/canichesgigantes.site\/wp-content\/uploads\/2023\/04\/257302924_10219176993687039_9172907784439302286_n-Recuperado.jpg 1070w\" sizes=\"auto, (max-width: 1024px) 100vw, 1024px\" \/><\/figure>\n<\/div>\n\n\n\n<div class=\"wp-block-column is-layout-flow wp-block-column-is-layout-flow\">\n<p>Channel nuestra nena blanca, Hija de <a href=\"https:\/\/poodle.pedigreedatabaseonline.com\/de\/Huffish-Rocketman\/pedigree\/34619\/i\">Huffish Rocketman&nbsp;<\/a>&amp; &nbsp;<a href=\"https:\/\/poodle.pedigreedatabaseonline.com\/de\/Edivette-Believe-In-Angel\/pedigree\/30813\/i\">Edivette Believe In Angel&nbsp;<\/a>&nbsp;nacida en agosto de 2021.<\/p>\n\n\n\n<p>Tiene un maravilloso car\u00e1cter, magnifico movimiento y una excelente pigmentacion.<\/p>\n\n\n\n<p>No deja a nadie indiferente con su extremada simpat\u00eda y belleza. Channel es un caniche gigante que adora a la gente, siempre quiere jugar.&nbsp;<\/p>\n\n\n\n<div class=\"wp-block-columns is-layout-flex wp-container-core-columns-is-layout-28f84493 wp-block-columns-is-layout-flex\">\n<div class=\"wp-block-column is-layout-flow wp-block-column-is-layout-flow\">\n<figure class=\"wp-block-image\"><img decoding=\"async\" src=\"https:\/\/i1.wp.com\/www.chowsofthedynasty.site\/wp-content\/uploads\/2019\/11\/1566758457011.png?fit=840%2C520&amp;ssl=1\" alt=\"\" class=\"wp-image-1534\"\/><\/figure>\n<\/div>\n\n\n\n<div class=\"wp-block-column is-layout-flow wp-block-column-is-layout-flow\">\n<p>Ojos: Limpios, (no Entropion)<\/p>\n\n\n\n<p>Caderas: A\/A<\/p>\n\n\n\n<p>Codos: 0\/0<\/p>\n\n\n\n<p>Altura: 57CM<\/p>\n\n\n\n<p>Color: BLANCA<\/p>\n<\/div>\n<\/div>\n<\/div>\n<\/div>\n","protected":false},"excerpt":{"rendered":"<p>AKA CHANNEL Hija de Huffish Rocketman&nbsp;&amp; &nbsp;Edivette Believe In Angel&nbsp; Channel nuestra nena blanca, Hija de Huffish Rocketman&nbsp;&amp; &nbsp;Edivette Believe<\/p>\n","protected":false},"author":1,"featured_media":0,"parent":0,"menu_order":0,"comment_status":"closed","ping_status":"closed","template":"","meta":{"colormag_page_container_layout":"default_layout","colormag_page_sidebar_layout":"default_layout","_uag_custom_page_level_css":"","_joinchat":[],"footnotes":""},"class_list":["post-188","page","type-page","status-publish","hentry"],"yoast_head":"<!-- This site is optimized with the Yoast SEO plugin v27.2 - https:\/\/yoast.com\/product\/yoast-seo-wordpress\/ -->\n<title>CHANNEL - Caniches Gigantes of the Dynasty<\/title>\n<meta name=\"description\" content=\"criardeo de caniches gigantes en espa\u00f1a, las mejores lineas de caniches gigantes de espa\u00f1a, caniches gigantes en espa\u00f1a\" \/>\n<meta name=\"robots\" content=\"index, follow, max-snippet:-1, max-image-preview:large, max-video-preview:-1\" \/>\n<link rel=\"canonical\" href=\"https:\/\/canichesgigantes.site\/index.php\/channel\/\" \/>\n<meta property=\"og:locale\" content=\"es_ES\" \/>\n<meta property=\"og:type\" content=\"article\" \/>\n<meta property=\"og:title\" content=\"CHANNEL - Caniches Gigantes of the Dynasty\" \/>\n<meta property=\"og:description\" content=\"criardeo de caniches gigantes en espa\u00f1a, las mejores lineas de caniches gigantes de espa\u00f1a, caniches gigantes en espa\u00f1a\" \/>\n<meta property=\"og:url\" content=\"https:\/\/canichesgigantes.site\/index.php\/channel\/\" \/>\n<meta property=\"og:site_name\" content=\"Caniches Gigantes of the Dynasty\" \/>\n<meta property=\"article:publisher\" content=\"https:\/\/www.facebook.com\/davidmedinachows\" \/>\n<meta property=\"article:modified_time\" content=\"2023-06-12T14:17:40+00:00\" \/>\n<meta property=\"og:image\" content=\"https:\/\/canichesgigantes.site\/wp-content\/uploads\/2023\/04\/257302924_10219176993687039_9172907784439302286_n-Recuperado-1024x997.jpg\" \/>\n<meta name=\"twitter:card\" content=\"summary_large_image\" \/>\n<meta name=\"twitter:label1\" content=\"Tiempo de lectura\" \/>\n\t<meta name=\"twitter:data1\" content=\"1 minuto\" \/>\n<script type=\"application\/ld+json\" class=\"yoast-schema-graph\">{\"@context\":\"https:\/\/schema.org\",\"@graph\":[{\"@type\":\"WebPage\",\"@id\":\"https:\/\/canichesgigantes.site\/index.php\/channel\/\",\"url\":\"https:\/\/canichesgigantes.site\/index.php\/channel\/\",\"name\":\"CHANNEL - Caniches Gigantes of the Dynasty\",\"isPartOf\":{\"@id\":\"https:\/\/canichesgigantes.site\/#website\"},\"primaryImageOfPage\":{\"@id\":\"https:\/\/canichesgigantes.site\/index.php\/channel\/#primaryimage\"},\"image\":{\"@id\":\"https:\/\/canichesgigantes.site\/index.php\/channel\/#primaryimage\"},\"thumbnailUrl\":\"https:\/\/canichesgigantes.site\/wp-content\/uploads\/2023\/04\/257302924_10219176993687039_9172907784439302286_n-Recuperado-1024x997.jpg\",\"datePublished\":\"2023-03-04T01:43:11+00:00\",\"dateModified\":\"2023-06-12T14:17:40+00:00\",\"description\":\"criardeo de caniches gigantes en espa\u00f1a, las mejores lineas de caniches gigantes de espa\u00f1a, caniches gigantes en espa\u00f1a\",\"breadcrumb\":{\"@id\":\"https:\/\/canichesgigantes.site\/index.php\/channel\/#breadcrumb\"},\"inLanguage\":\"es\",\"potentialAction\":[{\"@type\":\"ReadAction\",\"target\":[\"https:\/\/canichesgigantes.site\/index.php\/channel\/\"]}]},{\"@type\":\"ImageObject\",\"inLanguage\":\"es\",\"@id\":\"https:\/\/canichesgigantes.site\/index.php\/channel\/#primaryimage\",\"url\":\"https:\/\/canichesgigantes.site\/wp-content\/uploads\/2023\/04\/257302924_10219176993687039_9172907784439302286_n-Recuperado.jpg\",\"contentUrl\":\"https:\/\/canichesgigantes.site\/wp-content\/uploads\/2023\/04\/257302924_10219176993687039_9172907784439302286_n-Recuperado.jpg\",\"width\":1070,\"height\":1042},{\"@type\":\"BreadcrumbList\",\"@id\":\"https:\/\/canichesgigantes.site\/index.php\/channel\/#breadcrumb\",\"itemListElement\":[{\"@type\":\"ListItem\",\"position\":1,\"name\":\"Portada\",\"item\":\"https:\/\/canichesgigantes.site\/\"},{\"@type\":\"ListItem\",\"position\":2,\"name\":\"CHANNEL\"}]},{\"@type\":\"WebSite\",\"@id\":\"https:\/\/canichesgigantes.site\/#website\",\"url\":\"https:\/\/canichesgigantes.site\/\",\"name\":\"Caniches gigantes of the Dynasty\",\"description\":\"Criadero de Caniches Gigantes en Espa&ntilde;a (Afijo 21590)\",\"alternateName\":\"caniches gigantes en espa\u00f1a - M&Z shadows of the dynasty\",\"potentialAction\":[{\"@type\":\"SearchAction\",\"target\":{\"@type\":\"EntryPoint\",\"urlTemplate\":\"https:\/\/canichesgigantes.site\/?s={search_term_string}\"},\"query-input\":{\"@type\":\"PropertyValueSpecification\",\"valueRequired\":true,\"valueName\":\"search_term_string\"}}],\"inLanguage\":\"es\"}]}<\/script>\n<!-- \/ Yoast SEO plugin. -->","yoast_head_json":{"title":"CHANNEL - Caniches Gigantes of the Dynasty","description":"criardeo de caniches gigantes en espa\u00f1a, las mejores lineas de caniches gigantes de espa\u00f1a, caniches gigantes en espa\u00f1a","robots":{"index":"index","follow":"follow","max-snippet":"max-snippet:-1","max-image-preview":"max-image-preview:large","max-video-preview":"max-video-preview:-1"},"canonical":"https:\/\/canichesgigantes.site\/index.php\/channel\/","og_locale":"es_ES","og_type":"article","og_title":"CHANNEL - Caniches Gigantes of the Dynasty","og_description":"criardeo de caniches gigantes en espa\u00f1a, las mejores lineas de caniches gigantes de espa\u00f1a, caniches gigantes en espa\u00f1a","og_url":"https:\/\/canichesgigantes.site\/index.php\/channel\/","og_site_name":"Caniches Gigantes of the Dynasty","article_publisher":"https:\/\/www.facebook.com\/davidmedinachows","article_modified_time":"2023-06-12T14:17:40+00:00","og_image":[{"url":"https:\/\/canichesgigantes.site\/wp-content\/uploads\/2023\/04\/257302924_10219176993687039_9172907784439302286_n-Recuperado-1024x997.jpg","type":"","width":"","height":""}],"twitter_card":"summary_large_image","twitter_misc":{"Tiempo de lectura":"1 minuto"},"schema":{"@context":"https:\/\/schema.org","@graph":[{"@type":"WebPage","@id":"https:\/\/canichesgigantes.site\/index.php\/channel\/","url":"https:\/\/canichesgigantes.site\/index.php\/channel\/","name":"CHANNEL - Caniches Gigantes of the Dynasty","isPartOf":{"@id":"https:\/\/canichesgigantes.site\/#website"},"primaryImageOfPage":{"@id":"https:\/\/canichesgigantes.site\/index.php\/channel\/#primaryimage"},"image":{"@id":"https:\/\/canichesgigantes.site\/index.php\/channel\/#primaryimage"},"thumbnailUrl":"https:\/\/canichesgigantes.site\/wp-content\/uploads\/2023\/04\/257302924_10219176993687039_9172907784439302286_n-Recuperado-1024x997.jpg","datePublished":"2023-03-04T01:43:11+00:00","dateModified":"2023-06-12T14:17:40+00:00","description":"criardeo de caniches gigantes en espa\u00f1a, las mejores lineas de caniches gigantes de espa\u00f1a, caniches gigantes en espa\u00f1a","breadcrumb":{"@id":"https:\/\/canichesgigantes.site\/index.php\/channel\/#breadcrumb"},"inLanguage":"es","potentialAction":[{"@type":"ReadAction","target":["https:\/\/canichesgigantes.site\/index.php\/channel\/"]}]},{"@type":"ImageObject","inLanguage":"es","@id":"https:\/\/canichesgigantes.site\/index.php\/channel\/#primaryimage","url":"https:\/\/canichesgigantes.site\/wp-content\/uploads\/2023\/04\/257302924_10219176993687039_9172907784439302286_n-Recuperado.jpg","contentUrl":"https:\/\/canichesgigantes.site\/wp-content\/uploads\/2023\/04\/257302924_10219176993687039_9172907784439302286_n-Recuperado.jpg","width":1070,"height":1042},{"@type":"BreadcrumbList","@id":"https:\/\/canichesgigantes.site\/index.php\/channel\/#breadcrumb","itemListElement":[{"@type":"ListItem","position":1,"name":"Portada","item":"https:\/\/canichesgigantes.site\/"},{"@type":"ListItem","position":2,"name":"CHANNEL"}]},{"@type":"WebSite","@id":"https:\/\/canichesgigantes.site\/#website","url":"https:\/\/canichesgigantes.site\/","name":"Caniches gigantes of the Dynasty","description":"Criadero de Caniches Gigantes en Espa&ntilde;a (Afijo 21590)","alternateName":"caniches gigantes en espa\u00f1a - M&Z shadows of the dynasty","potentialAction":[{"@type":"SearchAction","target":{"@type":"EntryPoint","urlTemplate":"https:\/\/canichesgigantes.site\/?s={search_term_string}"},"query-input":{"@type":"PropertyValueSpecification","valueRequired":true,"valueName":"search_term_string"}}],"inLanguage":"es"}]}},"uagb_featured_image_src":{"full":false,"thumbnail":false,"medium":false,"medium_large":false,"large":false,"1536x1536":false,"2048x2048":false,"colormag-highlighted-post":false,"colormag-featured-post-medium":false,"colormag-featured-post-small":false,"colormag-featured-image":false,"colormag-default-news":false,"colormag-featured-image-large":false},"uagb_author_info":{"display_name":"admin","author_link":"https:\/\/canichesgigantes.site\/index.php\/author\/admin\/"},"uagb_comment_info":0,"uagb_excerpt":"AKA CHANNEL Hija de Huffish Rocketman&nbsp;&amp; &nbsp;Edivette Believe In Angel&nbsp; Channel nuestra nena blanca, Hija de Huffish Rocketman&nbsp;&amp; &nbsp;Edivette Believe","_links":{"self":[{"href":"https:\/\/canichesgigantes.site\/index.php\/wp-json\/wp\/v2\/pages\/188","targetHints":{"allow":["GET"]}}],"collection":[{"href":"https:\/\/canichesgigantes.site\/index.php\/wp-json\/wp\/v2\/pages"}],"about":[{"href":"https:\/\/canichesgigantes.site\/index.php\/wp-json\/wp\/v2\/types\/page"}],"author":[{"embeddable":true,"href":"https:\/\/canichesgigantes.site\/index.php\/wp-json\/wp\/v2\/users\/1"}],"replies":[{"embeddable":true,"href":"https:\/\/canichesgigantes.site\/index.php\/wp-json\/wp\/v2\/comments?post=188"}],"version-history":[{"count":11,"href":"https:\/\/canichesgigantes.site\/index.php\/wp-json\/wp\/v2\/pages\/188\/revisions"}],"predecessor-version":[{"id":488,"href":"https:\/\/canichesgigantes.site\/index.php\/wp-json\/wp\/v2\/pages\/188\/revisions\/488"}],"wp:attachment":[{"href":"https:\/\/canichesgigantes.site\/index.php\/wp-json\/wp\/v2\/media?parent=188"}],"curies":[{"name":"wp","href":"https:\/\/api.w.org\/{rel}","templated":true}]}}