{"id":302,"date":"2023-04-04T18:01:54","date_gmt":"2023-04-04T18:01:54","guid":{"rendered":"https:\/\/canichesgigantes.site\/?page_id=302"},"modified":"2023-04-11T00:27:03","modified_gmt":"2023-04-11T00:27:03","slug":"como-reconocer-un-buen-criador-de-caniche-gigante","status":"publish","type":"page","link":"https:\/\/canichesgigantes.site\/index.php\/como-reconocer-un-buen-criador-de-caniche-gigante\/","title":{"rendered":"\u00bfC\u00f3mo reconocer un buen Criador de Caniche Gigante?"},"content":{"rendered":"\n<figure class=\"wp-block-image aligncenter size-full\"><img loading=\"lazy\" decoding=\"async\" width=\"785\" height=\"882\" src=\"https:\/\/canichesgigantes.site\/wp-content\/uploads\/2023\/04\/faaa3635-f0dd-4070-aa2c-3cc1c60ce6b1.jpg\" alt=\"\" class=\"wp-image-405\" srcset=\"https:\/\/canichesgigantes.site\/wp-content\/uploads\/2023\/04\/faaa3635-f0dd-4070-aa2c-3cc1c60ce6b1.jpg 785w, https:\/\/canichesgigantes.site\/wp-content\/uploads\/2023\/04\/faaa3635-f0dd-4070-aa2c-3cc1c60ce6b1-267x300.jpg 267w, https:\/\/canichesgigantes.site\/wp-content\/uploads\/2023\/04\/faaa3635-f0dd-4070-aa2c-3cc1c60ce6b1-768x863.jpg 768w\" sizes=\"auto, (max-width: 785px) 100vw, 785px\" \/><\/figure>\n\n\n\n<p>La cosa no es tan sencilla como parece. Hay muchos tipos de criadores. Aqu\u00ed tienes una gu\u00eda para identificar a un Buen Criador de caniche gigante, cuantos m\u00e1s puntos cumpla, mejor:<\/p>\n\n\n\n<h2 class=\"wp-block-heading\">Claves para reconocer a un buen criador:<\/h2>\n\n\n\n<p>-No tienen cachorros de forma continua. Normalmente tienen una lista de espera donde te puedes apuntar para cuando nazca su pr\u00f3xima camada.<\/p>\n\n\n\n<p>\u2013 Desconfiad del criador que solo os habla de los or\u00edgenes de los cachorros y los logros de sus progenitores; huid del que os ense\u00f1a las vitrinas de trofeos, en vez del cachorro y sus padres.<\/p>\n\n\n\n<p>-A consecuencia de lo anterior, no viven de sus perros. Criar para un Buen Criador no es un negocio sino m\u00e1s bien un hobby que le ocasiona muchos gastos.<\/p>\n\n\n\n<p>-Por lo general, mantiene a sus perros en contacto con el n\u00facleo familiar, no en jaulas sucias todo el d\u00eda metidos o en parcelas donde permanecen solos y ocasionalmente son visitados por sus due\u00f1os.<\/p>\n\n\n\n<p>-Sus perros est\u00e1n sanos y alegres, se alegran de tener visitantes y no huyen de ellos.<\/p>\n\n\n\n<p>-Te muestra los cachorros y su padres (al menos la madre) y el ambiente en el que viven, que debe estar limpio.<\/p>\n\n\n\n<p>-Ha hecho tests a sus perros reproductores para saber si est\u00e1n afectados por alguna&nbsp;tara gen\u00e9tica. Si alg\u00fan criador de Caniche gigante te dice que no los hace porque no le consta que en su l\u00ednea existan esos problemas, yo buscar\u00eda en otro lado.<\/p>\n\n\n\n<p>-Est\u00e1 encantado de que le preguntes cualquier duda que tengas, incluso cuando ya te ha vendido el cachorro. Si parece que le incomodas con tus preguntas o que le urge venderte el cachorro, desconf\u00eda.<\/p>\n\n\n\n<p>-Siempre se har\u00e1 cargo de los perros que ha criado en caso de que la nueva familia no pueda seguir haci\u00e9ndose cargo del animal, aunque sea buscando un nuevo hogar alternativo.<\/p>\n\n\n\n<p>-Tambi\u00e9n te hace a t\u00ed muchas preguntas para asegurarse de que su cachorro va a estar bien atendido.<\/p>\n\n\n\n<p>-Le encanta mantener el contacto con los nuevos due\u00f1os de sus cachorros y recibir noticias de su evoluci\u00f3n.<\/p>\n\n\n\n<p>Nunca permite que sus cachorros vayan antes de los 2 meses de edad a sus -nuevos hogares.<\/p>\n\n\n\n<p>-No cr\u00eda muchas razas. \u00bfDe verdad crees que es posible conocer en profundidad 20-50 razas?<\/p>\n\n\n\n<p>\u00bfqu\u00e9 quer\u00e9is de un perro?, \u00bfqu\u00e9 esper\u00e1is de \u00e9l?, \u00bfest\u00e1 el criador ofreci\u00e9ndote lo que t\u00fa buscas o te est\u00e1 vendiendo otra cosa?<\/p>\n\n\n\n<p>Si eres un futuro comprador de un perro de raza espero que estas pautas te hayan ayudado a elegir a un buen criador y te recuerdo que como consumidores tambi\u00e9n somos responsables de favorecer un tipo u otro de cr\u00eda.<\/p>\n\n\n\n<p>Si eres un criador y has llegado hasta el final del art\u00edculo espero que te ayude a reflexionar, a revisar tus pr\u00e1cticas y te ayude a ser un buen criador.<\/p>\n\n\n\n<h2 class=\"wp-block-heading\">Dilema: \u00bfcomprar o adoptar?<\/h2>\n\n\n\n<p>Bueno, cualquier opci\u00f3n es buena si se hace de forma responsable<\/p>\n\n\n\n<p>Ahora te estar\u00e1s preguntando donde contactar con un Buen Criador. Puedes ir a alguna&nbsp;exposici\u00f3n canina, que te permite ver varios ejemplares de la raza que te gusta, decidir qu\u00e9 tipo te gusta m\u00e1s y contactar con sus propietarios\/criadores.<\/p>\n","protected":false},"excerpt":{"rendered":"<p>La cosa no es tan sencilla como parece. Hay muchos tipos de criadores. Aqu\u00ed tienes una gu\u00eda para identificar a<\/p>\n","protected":false},"author":1,"featured_media":0,"parent":0,"menu_order":0,"comment_status":"closed","ping_status":"closed","template":"","meta":{"colormag_page_container_layout":"default_layout","colormag_page_sidebar_layout":"default_layout","_uag_custom_page_level_css":"","_joinchat":[],"footnotes":""},"class_list":["post-302","page","type-page","status-publish","hentry"],"yoast_head":"<!-- This site is optimized with the Yoast SEO plugin v27.2 - https:\/\/yoast.com\/product\/yoast-seo-wordpress\/ -->\n<title>\u00bfC\u00f3mo reconocer un buen Criador de Caniche Gigante? - Caniches Gigantes of the Dynasty<\/title>\n<meta name=\"robots\" content=\"index, follow, max-snippet:-1, max-image-preview:large, max-video-preview:-1\" \/>\n<link rel=\"canonical\" href=\"https:\/\/canichesgigantes.site\/index.php\/como-reconocer-un-buen-criador-de-caniche-gigante\/\" \/>\n<meta property=\"og:locale\" content=\"es_ES\" \/>\n<meta property=\"og:type\" content=\"article\" \/>\n<meta property=\"og:title\" content=\"\u00bfC\u00f3mo reconocer un buen Criador de Caniche Gigante? - Caniches Gigantes of the Dynasty\" \/>\n<meta property=\"og:description\" content=\"La cosa no es tan sencilla como parece. Hay muchos tipos de criadores. Aqu\u00ed tienes una gu\u00eda para identificar a\" \/>\n<meta property=\"og:url\" content=\"https:\/\/canichesgigantes.site\/index.php\/como-reconocer-un-buen-criador-de-caniche-gigante\/\" \/>\n<meta property=\"og:site_name\" content=\"Caniches Gigantes of the Dynasty\" \/>\n<meta property=\"article:publisher\" content=\"https:\/\/www.facebook.com\/davidmedinachows\" \/>\n<meta property=\"article:modified_time\" content=\"2023-04-11T00:27:03+00:00\" \/>\n<meta property=\"og:image\" content=\"https:\/\/canichesgigantes.site\/wp-content\/uploads\/2023\/04\/faaa3635-f0dd-4070-aa2c-3cc1c60ce6b1.jpg\" \/>\n<meta name=\"twitter:card\" content=\"summary_large_image\" \/>\n<meta name=\"twitter:label1\" content=\"Tiempo de lectura\" \/>\n\t<meta name=\"twitter:data1\" content=\"3 minutos\" \/>\n<script type=\"application\/ld+json\" class=\"yoast-schema-graph\">{\"@context\":\"https:\/\/schema.org\",\"@graph\":[{\"@type\":\"WebPage\",\"@id\":\"https:\/\/canichesgigantes.site\/index.php\/como-reconocer-un-buen-criador-de-caniche-gigante\/\",\"url\":\"https:\/\/canichesgigantes.site\/index.php\/como-reconocer-un-buen-criador-de-caniche-gigante\/\",\"name\":\"\u00bfC\u00f3mo reconocer un buen Criador de Caniche Gigante? - Caniches Gigantes of the Dynasty\",\"isPartOf\":{\"@id\":\"https:\/\/canichesgigantes.site\/#website\"},\"primaryImageOfPage\":{\"@id\":\"https:\/\/canichesgigantes.site\/index.php\/como-reconocer-un-buen-criador-de-caniche-gigante\/#primaryimage\"},\"image\":{\"@id\":\"https:\/\/canichesgigantes.site\/index.php\/como-reconocer-un-buen-criador-de-caniche-gigante\/#primaryimage\"},\"thumbnailUrl\":\"https:\/\/canichesgigantes.site\/wp-content\/uploads\/2023\/04\/faaa3635-f0dd-4070-aa2c-3cc1c60ce6b1.jpg\",\"datePublished\":\"2023-04-04T18:01:54+00:00\",\"dateModified\":\"2023-04-11T00:27:03+00:00\",\"breadcrumb\":{\"@id\":\"https:\/\/canichesgigantes.site\/index.php\/como-reconocer-un-buen-criador-de-caniche-gigante\/#breadcrumb\"},\"inLanguage\":\"es\",\"potentialAction\":[{\"@type\":\"ReadAction\",\"target\":[\"https:\/\/canichesgigantes.site\/index.php\/como-reconocer-un-buen-criador-de-caniche-gigante\/\"]}]},{\"@type\":\"ImageObject\",\"inLanguage\":\"es\",\"@id\":\"https:\/\/canichesgigantes.site\/index.php\/como-reconocer-un-buen-criador-de-caniche-gigante\/#primaryimage\",\"url\":\"https:\/\/canichesgigantes.site\/wp-content\/uploads\/2023\/04\/faaa3635-f0dd-4070-aa2c-3cc1c60ce6b1.jpg\",\"contentUrl\":\"https:\/\/canichesgigantes.site\/wp-content\/uploads\/2023\/04\/faaa3635-f0dd-4070-aa2c-3cc1c60ce6b1.jpg\",\"width\":785,\"height\":882},{\"@type\":\"BreadcrumbList\",\"@id\":\"https:\/\/canichesgigantes.site\/index.php\/como-reconocer-un-buen-criador-de-caniche-gigante\/#breadcrumb\",\"itemListElement\":[{\"@type\":\"ListItem\",\"position\":1,\"name\":\"Portada\",\"item\":\"https:\/\/canichesgigantes.site\/\"},{\"@type\":\"ListItem\",\"position\":2,\"name\":\"\u00bfC\u00f3mo reconocer un buen Criador de Caniche Gigante?\"}]},{\"@type\":\"WebSite\",\"@id\":\"https:\/\/canichesgigantes.site\/#website\",\"url\":\"https:\/\/canichesgigantes.site\/\",\"name\":\"Caniches gigantes of the Dynasty\",\"description\":\"Criadero de Caniches Gigantes en Espa&ntilde;a (Afijo 21590)\",\"alternateName\":\"caniches gigantes en espa\u00f1a - M&Z shadows of the dynasty\",\"potentialAction\":[{\"@type\":\"SearchAction\",\"target\":{\"@type\":\"EntryPoint\",\"urlTemplate\":\"https:\/\/canichesgigantes.site\/?s={search_term_string}\"},\"query-input\":{\"@type\":\"PropertyValueSpecification\",\"valueRequired\":true,\"valueName\":\"search_term_string\"}}],\"inLanguage\":\"es\"}]}<\/script>\n<!-- \/ Yoast SEO plugin. -->","yoast_head_json":{"title":"\u00bfC\u00f3mo reconocer un buen Criador de Caniche Gigante? - Caniches Gigantes of the Dynasty","robots":{"index":"index","follow":"follow","max-snippet":"max-snippet:-1","max-image-preview":"max-image-preview:large","max-video-preview":"max-video-preview:-1"},"canonical":"https:\/\/canichesgigantes.site\/index.php\/como-reconocer-un-buen-criador-de-caniche-gigante\/","og_locale":"es_ES","og_type":"article","og_title":"\u00bfC\u00f3mo reconocer un buen Criador de Caniche Gigante? - Caniches Gigantes of the Dynasty","og_description":"La cosa no es tan sencilla como parece. Hay muchos tipos de criadores. Aqu\u00ed tienes una gu\u00eda para identificar a","og_url":"https:\/\/canichesgigantes.site\/index.php\/como-reconocer-un-buen-criador-de-caniche-gigante\/","og_site_name":"Caniches Gigantes of the Dynasty","article_publisher":"https:\/\/www.facebook.com\/davidmedinachows","article_modified_time":"2023-04-11T00:27:03+00:00","og_image":[{"url":"https:\/\/canichesgigantes.site\/wp-content\/uploads\/2023\/04\/faaa3635-f0dd-4070-aa2c-3cc1c60ce6b1.jpg","type":"","width":"","height":""}],"twitter_card":"summary_large_image","twitter_misc":{"Tiempo de lectura":"3 minutos"},"schema":{"@context":"https:\/\/schema.org","@graph":[{"@type":"WebPage","@id":"https:\/\/canichesgigantes.site\/index.php\/como-reconocer-un-buen-criador-de-caniche-gigante\/","url":"https:\/\/canichesgigantes.site\/index.php\/como-reconocer-un-buen-criador-de-caniche-gigante\/","name":"\u00bfC\u00f3mo reconocer un buen Criador de Caniche Gigante? - Caniches Gigantes of the Dynasty","isPartOf":{"@id":"https:\/\/canichesgigantes.site\/#website"},"primaryImageOfPage":{"@id":"https:\/\/canichesgigantes.site\/index.php\/como-reconocer-un-buen-criador-de-caniche-gigante\/#primaryimage"},"image":{"@id":"https:\/\/canichesgigantes.site\/index.php\/como-reconocer-un-buen-criador-de-caniche-gigante\/#primaryimage"},"thumbnailUrl":"https:\/\/canichesgigantes.site\/wp-content\/uploads\/2023\/04\/faaa3635-f0dd-4070-aa2c-3cc1c60ce6b1.jpg","datePublished":"2023-04-04T18:01:54+00:00","dateModified":"2023-04-11T00:27:03+00:00","breadcrumb":{"@id":"https:\/\/canichesgigantes.site\/index.php\/como-reconocer-un-buen-criador-de-caniche-gigante\/#breadcrumb"},"inLanguage":"es","potentialAction":[{"@type":"ReadAction","target":["https:\/\/canichesgigantes.site\/index.php\/como-reconocer-un-buen-criador-de-caniche-gigante\/"]}]},{"@type":"ImageObject","inLanguage":"es","@id":"https:\/\/canichesgigantes.site\/index.php\/como-reconocer-un-buen-criador-de-caniche-gigante\/#primaryimage","url":"https:\/\/canichesgigantes.site\/wp-content\/uploads\/2023\/04\/faaa3635-f0dd-4070-aa2c-3cc1c60ce6b1.jpg","contentUrl":"https:\/\/canichesgigantes.site\/wp-content\/uploads\/2023\/04\/faaa3635-f0dd-4070-aa2c-3cc1c60ce6b1.jpg","width":785,"height":882},{"@type":"BreadcrumbList","@id":"https:\/\/canichesgigantes.site\/index.php\/como-reconocer-un-buen-criador-de-caniche-gigante\/#breadcrumb","itemListElement":[{"@type":"ListItem","position":1,"name":"Portada","item":"https:\/\/canichesgigantes.site\/"},{"@type":"ListItem","position":2,"name":"\u00bfC\u00f3mo reconocer un buen Criador de Caniche Gigante?"}]},{"@type":"WebSite","@id":"https:\/\/canichesgigantes.site\/#website","url":"https:\/\/canichesgigantes.site\/","name":"Caniches gigantes of the Dynasty","description":"Criadero de Caniches Gigantes en Espa&ntilde;a (Afijo 21590)","alternateName":"caniches gigantes en espa\u00f1a - M&Z shadows of the dynasty","potentialAction":[{"@type":"SearchAction","target":{"@type":"EntryPoint","urlTemplate":"https:\/\/canichesgigantes.site\/?s={search_term_string}"},"query-input":{"@type":"PropertyValueSpecification","valueRequired":true,"valueName":"search_term_string"}}],"inLanguage":"es"}]}},"uagb_featured_image_src":{"full":false,"thumbnail":false,"medium":false,"medium_large":false,"large":false,"1536x1536":false,"2048x2048":false,"colormag-highlighted-post":false,"colormag-featured-post-medium":false,"colormag-featured-post-small":false,"colormag-featured-image":false,"colormag-default-news":false,"colormag-featured-image-large":false},"uagb_author_info":{"display_name":"admin","author_link":"https:\/\/canichesgigantes.site\/index.php\/author\/admin\/"},"uagb_comment_info":0,"uagb_excerpt":"La cosa no es tan sencilla como parece. Hay muchos tipos de criadores. Aqu\u00ed tienes una gu\u00eda para identificar a","_links":{"self":[{"href":"https:\/\/canichesgigantes.site\/index.php\/wp-json\/wp\/v2\/pages\/302","targetHints":{"allow":["GET"]}}],"collection":[{"href":"https:\/\/canichesgigantes.site\/index.php\/wp-json\/wp\/v2\/pages"}],"about":[{"href":"https:\/\/canichesgigantes.site\/index.php\/wp-json\/wp\/v2\/types\/page"}],"author":[{"embeddable":true,"href":"https:\/\/canichesgigantes.site\/index.php\/wp-json\/wp\/v2\/users\/1"}],"replies":[{"embeddable":true,"href":"https:\/\/canichesgigantes.site\/index.php\/wp-json\/wp\/v2\/comments?post=302"}],"version-history":[{"count":4,"href":"https:\/\/canichesgigantes.site\/index.php\/wp-json\/wp\/v2\/pages\/302\/revisions"}],"predecessor-version":[{"id":408,"href":"https:\/\/canichesgigantes.site\/index.php\/wp-json\/wp\/v2\/pages\/302\/revisions\/408"}],"wp:attachment":[{"href":"https:\/\/canichesgigantes.site\/index.php\/wp-json\/wp\/v2\/media?parent=302"}],"curies":[{"name":"wp","href":"https:\/\/api.w.org\/{rel}","templated":true}]}}