{"id":698,"date":"2024-01-14T23:02:09","date_gmt":"2024-01-14T23:02:09","guid":{"rendered":"https:\/\/canichesgigantes.site\/?page_id=698"},"modified":"2024-01-14T23:02:15","modified_gmt":"2024-01-14T23:02:15","slug":"athenea","status":"publish","type":"page","link":"https:\/\/canichesgigantes.site\/index.php\/athenea\/","title":{"rendered":"Athenea"},"content":{"rendered":"\n<h2 class=\"wp-block-heading\">M&amp;Z SHADOWS OF THE DYNASTY ATHENEA<\/h2>\n\n\n\n<p>Hija de\u00a0<a href=\"https:\/\/poodle.pedigreedatabaseonline.com\/de\/El-Yoc-Edward\/pedigree\/67483\/i\">EL Yoc Edward \u201d Jagger\u201d\u00b7\u00a0<\/a>&amp; \u00a0<a href=\"https:\/\/poodle.pedigreedatabaseonline.com\/de\/Edivette-Nemesis-Of-The-Dynasty\/pedigree\/71522\/i\">Edivette Nemesis of the Dynasty <\/a><\/p>\n\n\n\n<div class=\"wp-block-columns is-layout-flex wp-container-core-columns-is-layout-28f84493 wp-block-columns-is-layout-flex\">\n<div class=\"wp-block-column is-layout-flow wp-block-column-is-layout-flow\"><\/div>\n\n\n\n<div class=\"wp-block-column is-layout-flow wp-block-column-is-layout-flow\">\n<p>Athena nuestra nena nacida en casa en 2023.<\/p>\n\n\n\n<p>Que decir de nuestra peque\u00f1a ,Su car\u00e1cter amigable, su espectacular morfolog\u00eda, su sensacional textura y color de pelo negro zaino ,y su majestuoso movimiento no pasa desapercibido.<\/p>\n\n\n\n<p class=\"has-text-align-center has-luminous-vivid-orange-background-color has-background has-medium-font-size\"><strong><em><a href=\"https:\/\/poodle.pedigreedatabaseonline.com\/de\/Onixmarther-La-vida-es-Bella-Shadows-of-the-Dynasty\/pedigree\/105664\/i\">Ped<\/a><a href=\"https:\/\/poodle.pedigreedatabaseonline.com\/de\/trialmating\/father=67483\/mother=71522\">igree<\/a><\/em><\/strong><\/p>\n\n\n\n<div class=\"wp-block-columns is-layout-flex wp-container-core-columns-is-layout-28f84493 wp-block-columns-is-layout-flex\">\n<div class=\"wp-block-column is-layout-flow wp-block-column-is-layout-flow\">\n<figure class=\"wp-block-image\"><img decoding=\"async\" src=\"https:\/\/i1.wp.com\/www.chowsofthedynasty.site\/wp-content\/uploads\/2019\/11\/1566758457011.png?fit=840%2C520&amp;ssl=1\" alt=\"\" class=\"wp-image-1534\"\/><\/figure>\n<\/div>\n\n\n\n<div class=\"wp-block-column is-layout-flow wp-block-column-is-layout-flow\">\n<p>Ojos: Limpios, (no Entropion)<\/p>\n\n\n\n<p>Caderas:<\/p>\n\n\n\n<p>Codos:<\/p>\n\n\n\n<p>Altura:<\/p>\n\n\n\n<p>Color: NEGRA<\/p>\n<\/div>\n<\/div>\n<\/div>\n<\/div>\n\n\n\n<p><a href=\"https:\/\/canichesgigantes.site\/wp-admin\/post.php?post=188&amp;action=edit\">Editar<\/a><\/p>\n","protected":false},"excerpt":{"rendered":"<p>M&amp;Z SHADOWS OF THE DYNASTY ATHENEA Hija de\u00a0EL Yoc Edward \u201d Jagger\u201d\u00b7\u00a0&amp; \u00a0Edivette Nemesis of the Dynasty Athena nuestra nena<\/p>\n","protected":false},"author":1,"featured_media":0,"parent":0,"menu_order":0,"comment_status":"closed","ping_status":"closed","template":"","meta":{"colormag_page_container_layout":"default_layout","colormag_page_sidebar_layout":"default_layout","_uag_custom_page_level_css":"","_joinchat":[],"footnotes":""},"class_list":["post-698","page","type-page","status-publish","hentry"],"yoast_head":"<!-- This site is optimized with the Yoast SEO plugin v27.2 - https:\/\/yoast.com\/product\/yoast-seo-wordpress\/ -->\n<title>Athenea - Caniches Gigantes of the Dynasty<\/title>\n<meta name=\"robots\" content=\"index, follow, max-snippet:-1, max-image-preview:large, max-video-preview:-1\" \/>\n<link rel=\"canonical\" href=\"https:\/\/canichesgigantes.site\/index.php\/athenea\/\" \/>\n<meta property=\"og:locale\" content=\"es_ES\" \/>\n<meta property=\"og:type\" content=\"article\" \/>\n<meta property=\"og:title\" content=\"Athenea - Caniches Gigantes of the Dynasty\" \/>\n<meta property=\"og:description\" content=\"M&amp;Z SHADOWS OF THE DYNASTY ATHENEA Hija de\u00a0EL Yoc Edward \u201d Jagger\u201d\u00b7\u00a0&amp; \u00a0Edivette Nemesis of the Dynasty Athena nuestra nena\" \/>\n<meta property=\"og:url\" content=\"https:\/\/canichesgigantes.site\/index.php\/athenea\/\" \/>\n<meta property=\"og:site_name\" content=\"Caniches Gigantes of the Dynasty\" \/>\n<meta property=\"article:publisher\" content=\"https:\/\/www.facebook.com\/davidmedinachows\" \/>\n<meta property=\"article:modified_time\" content=\"2024-01-14T23:02:15+00:00\" \/>\n<meta property=\"og:image\" content=\"https:\/\/i1.wp.com\/www.chowsofthedynasty.site\/wp-content\/uploads\/2019\/11\/1566758457011.png?fit=840%2C520&amp;ssl=1\" \/>\n<meta name=\"twitter:card\" content=\"summary_large_image\" \/>\n<meta name=\"twitter:label1\" content=\"Tiempo de lectura\" \/>\n\t<meta name=\"twitter:data1\" content=\"1 minuto\" \/>\n<script type=\"application\/ld+json\" class=\"yoast-schema-graph\">{\"@context\":\"https:\/\/schema.org\",\"@graph\":[{\"@type\":\"WebPage\",\"@id\":\"https:\/\/canichesgigantes.site\/index.php\/athenea\/\",\"url\":\"https:\/\/canichesgigantes.site\/index.php\/athenea\/\",\"name\":\"Athenea - Caniches Gigantes of the Dynasty\",\"isPartOf\":{\"@id\":\"https:\/\/canichesgigantes.site\/#website\"},\"primaryImageOfPage\":{\"@id\":\"https:\/\/canichesgigantes.site\/index.php\/athenea\/#primaryimage\"},\"image\":{\"@id\":\"https:\/\/canichesgigantes.site\/index.php\/athenea\/#primaryimage\"},\"thumbnailUrl\":\"https:\/\/i1.wp.com\/www.chowsofthedynasty.site\/wp-content\/uploads\/2019\/11\/1566758457011.png?fit=840%2C520&amp;ssl=1\",\"datePublished\":\"2024-01-14T23:02:09+00:00\",\"dateModified\":\"2024-01-14T23:02:15+00:00\",\"breadcrumb\":{\"@id\":\"https:\/\/canichesgigantes.site\/index.php\/athenea\/#breadcrumb\"},\"inLanguage\":\"es\",\"potentialAction\":[{\"@type\":\"ReadAction\",\"target\":[\"https:\/\/canichesgigantes.site\/index.php\/athenea\/\"]}]},{\"@type\":\"ImageObject\",\"inLanguage\":\"es\",\"@id\":\"https:\/\/canichesgigantes.site\/index.php\/athenea\/#primaryimage\",\"url\":\"https:\/\/i1.wp.com\/www.chowsofthedynasty.site\/wp-content\/uploads\/2019\/11\/1566758457011.png?fit=840%2C520&amp;ssl=1\",\"contentUrl\":\"https:\/\/i1.wp.com\/www.chowsofthedynasty.site\/wp-content\/uploads\/2019\/11\/1566758457011.png?fit=840%2C520&amp;ssl=1\"},{\"@type\":\"BreadcrumbList\",\"@id\":\"https:\/\/canichesgigantes.site\/index.php\/athenea\/#breadcrumb\",\"itemListElement\":[{\"@type\":\"ListItem\",\"position\":1,\"name\":\"Portada\",\"item\":\"https:\/\/canichesgigantes.site\/\"},{\"@type\":\"ListItem\",\"position\":2,\"name\":\"Athenea\"}]},{\"@type\":\"WebSite\",\"@id\":\"https:\/\/canichesgigantes.site\/#website\",\"url\":\"https:\/\/canichesgigantes.site\/\",\"name\":\"Caniches gigantes of the Dynasty\",\"description\":\"Criadero de Caniches Gigantes en Espa&ntilde;a (Afijo 21590)\",\"alternateName\":\"caniches gigantes en espa\u00f1a - M&Z shadows of the dynasty\",\"potentialAction\":[{\"@type\":\"SearchAction\",\"target\":{\"@type\":\"EntryPoint\",\"urlTemplate\":\"https:\/\/canichesgigantes.site\/?s={search_term_string}\"},\"query-input\":{\"@type\":\"PropertyValueSpecification\",\"valueRequired\":true,\"valueName\":\"search_term_string\"}}],\"inLanguage\":\"es\"}]}<\/script>\n<!-- \/ Yoast SEO plugin. -->","yoast_head_json":{"title":"Athenea - Caniches Gigantes of the Dynasty","robots":{"index":"index","follow":"follow","max-snippet":"max-snippet:-1","max-image-preview":"max-image-preview:large","max-video-preview":"max-video-preview:-1"},"canonical":"https:\/\/canichesgigantes.site\/index.php\/athenea\/","og_locale":"es_ES","og_type":"article","og_title":"Athenea - Caniches Gigantes of the Dynasty","og_description":"M&amp;Z SHADOWS OF THE DYNASTY ATHENEA Hija de\u00a0EL Yoc Edward \u201d Jagger\u201d\u00b7\u00a0&amp; \u00a0Edivette Nemesis of the Dynasty Athena nuestra nena","og_url":"https:\/\/canichesgigantes.site\/index.php\/athenea\/","og_site_name":"Caniches Gigantes of the Dynasty","article_publisher":"https:\/\/www.facebook.com\/davidmedinachows","article_modified_time":"2024-01-14T23:02:15+00:00","og_image":[{"url":"https:\/\/i1.wp.com\/www.chowsofthedynasty.site\/wp-content\/uploads\/2019\/11\/1566758457011.png?fit=840%2C520&amp;ssl=1","type":"","width":"","height":""}],"twitter_card":"summary_large_image","twitter_misc":{"Tiempo de lectura":"1 minuto"},"schema":{"@context":"https:\/\/schema.org","@graph":[{"@type":"WebPage","@id":"https:\/\/canichesgigantes.site\/index.php\/athenea\/","url":"https:\/\/canichesgigantes.site\/index.php\/athenea\/","name":"Athenea - Caniches Gigantes of the Dynasty","isPartOf":{"@id":"https:\/\/canichesgigantes.site\/#website"},"primaryImageOfPage":{"@id":"https:\/\/canichesgigantes.site\/index.php\/athenea\/#primaryimage"},"image":{"@id":"https:\/\/canichesgigantes.site\/index.php\/athenea\/#primaryimage"},"thumbnailUrl":"https:\/\/i1.wp.com\/www.chowsofthedynasty.site\/wp-content\/uploads\/2019\/11\/1566758457011.png?fit=840%2C520&amp;ssl=1","datePublished":"2024-01-14T23:02:09+00:00","dateModified":"2024-01-14T23:02:15+00:00","breadcrumb":{"@id":"https:\/\/canichesgigantes.site\/index.php\/athenea\/#breadcrumb"},"inLanguage":"es","potentialAction":[{"@type":"ReadAction","target":["https:\/\/canichesgigantes.site\/index.php\/athenea\/"]}]},{"@type":"ImageObject","inLanguage":"es","@id":"https:\/\/canichesgigantes.site\/index.php\/athenea\/#primaryimage","url":"https:\/\/i1.wp.com\/www.chowsofthedynasty.site\/wp-content\/uploads\/2019\/11\/1566758457011.png?fit=840%2C520&amp;ssl=1","contentUrl":"https:\/\/i1.wp.com\/www.chowsofthedynasty.site\/wp-content\/uploads\/2019\/11\/1566758457011.png?fit=840%2C520&amp;ssl=1"},{"@type":"BreadcrumbList","@id":"https:\/\/canichesgigantes.site\/index.php\/athenea\/#breadcrumb","itemListElement":[{"@type":"ListItem","position":1,"name":"Portada","item":"https:\/\/canichesgigantes.site\/"},{"@type":"ListItem","position":2,"name":"Athenea"}]},{"@type":"WebSite","@id":"https:\/\/canichesgigantes.site\/#website","url":"https:\/\/canichesgigantes.site\/","name":"Caniches gigantes of the Dynasty","description":"Criadero de Caniches Gigantes en Espa&ntilde;a (Afijo 21590)","alternateName":"caniches gigantes en espa\u00f1a - M&Z shadows of the dynasty","potentialAction":[{"@type":"SearchAction","target":{"@type":"EntryPoint","urlTemplate":"https:\/\/canichesgigantes.site\/?s={search_term_string}"},"query-input":{"@type":"PropertyValueSpecification","valueRequired":true,"valueName":"search_term_string"}}],"inLanguage":"es"}]}},"uagb_featured_image_src":{"full":false,"thumbnail":false,"medium":false,"medium_large":false,"large":false,"1536x1536":false,"2048x2048":false,"colormag-highlighted-post":false,"colormag-featured-post-medium":false,"colormag-featured-post-small":false,"colormag-featured-image":false,"colormag-default-news":false,"colormag-featured-image-large":false},"uagb_author_info":{"display_name":"admin","author_link":"https:\/\/canichesgigantes.site\/index.php\/author\/admin\/"},"uagb_comment_info":0,"uagb_excerpt":"M&amp;Z SHADOWS OF THE DYNASTY ATHENEA Hija de\u00a0EL Yoc Edward \u201d Jagger\u201d\u00b7\u00a0&amp; \u00a0Edivette Nemesis of the Dynasty Athena nuestra nena","_links":{"self":[{"href":"https:\/\/canichesgigantes.site\/index.php\/wp-json\/wp\/v2\/pages\/698","targetHints":{"allow":["GET"]}}],"collection":[{"href":"https:\/\/canichesgigantes.site\/index.php\/wp-json\/wp\/v2\/pages"}],"about":[{"href":"https:\/\/canichesgigantes.site\/index.php\/wp-json\/wp\/v2\/types\/page"}],"author":[{"embeddable":true,"href":"https:\/\/canichesgigantes.site\/index.php\/wp-json\/wp\/v2\/users\/1"}],"replies":[{"embeddable":true,"href":"https:\/\/canichesgigantes.site\/index.php\/wp-json\/wp\/v2\/comments?post=698"}],"version-history":[{"count":1,"href":"https:\/\/canichesgigantes.site\/index.php\/wp-json\/wp\/v2\/pages\/698\/revisions"}],"predecessor-version":[{"id":703,"href":"https:\/\/canichesgigantes.site\/index.php\/wp-json\/wp\/v2\/pages\/698\/revisions\/703"}],"wp:attachment":[{"href":"https:\/\/canichesgigantes.site\/index.php\/wp-json\/wp\/v2\/media?parent=698"}],"curies":[{"name":"wp","href":"https:\/\/api.w.org\/{rel}","templated":true}]}}